{"id":11894,"date":"2019-07-10T13:35:44","date_gmt":"2019-07-10T11:35:44","guid":{"rendered":"https:\/\/www.efi-service.com\/accompagnement\/contact\/"},"modified":"2024-11-26T17:42:58","modified_gmt":"2024-11-26T16:42:58","slug":"contactenos","status":"publish","type":"page","link":"https:\/\/www.efi-service.com\/es\/industrializacion-de-proyectos-innovadores\/contactenos\/","title":{"rendered":"Cont\u00e1ctenos"},"content":{"rendered":"\n<div class=\"gabarit-global-intro\" id=\"introduction-block_4698f5b22910db35be5322a04b309c79\">\n\t<h1 class=\"title\">Cont\u00e1ctenos<\/h1>\n\t<p class=\"accroche\"><\/p>\n<\/div>\n\n\n\n\t<div class=\"container wysiwyg gabarit-text-riche animBottomToTop\" id=\"texte-riche-block_bdc1abdc490ba687e336ae9ca2827ef1\">\n\t\t<div class=\"wrapper-txt-riche\">\n\t\t\t<p>Al rellenar este formulario, da su consentimiento para que EFI Automotive Service recopile determinados datos personales sobre usted de forma limitada. Los datos recogidos son registrados en un fichero automatizado seguro por EFI Automotive Service con la finalidad de tramitar sus solicitudes y gestionar sus citas. Estos datos se recogen de conformidad con nuestra \u00abPol\u00edtica de Protecci\u00f3n de Datos\u00bb, en cumplimiento de las disposiciones del RGPD y de la ley \u00abInform\u00e1tica y Libertades\u00bb.<\/p>\n\t\t<\/div>\n\t<\/div>\n\n","protected":false},"excerpt":{"rendered":"<p>EFI Automotive Service puede ayudarle a dise\u00f1ar y desarrollar juntos los proyectos del ma\u00f1ana.<\/p>\n","protected":false},"author":1,"featured_media":0,"parent":11887,"menu_order":0,"comment_status":"closed","ping_status":"closed","template":"page-contact.php","meta":{"_acf_changed":false,"footnotes":""},"class_list":["post-11894","page","type-page","status-publish","hentry"],"acf":[],"yoast_head":"<!-- This site is optimized with the Yoast SEO plugin v27.4 - https:\/\/yoast.com\/product\/yoast-seo-wordpress\/ -->\n<title>Cont\u00e1ctenos - EFI AUTOMOTIVE SERVICE<\/title>\n<meta name=\"robots\" content=\"index, follow, max-snippet:-1, max-image-preview:large, max-video-preview:-1\" \/>\n<link rel=\"canonical\" href=\"https:\/\/www.efi-service.com\/es\/industrializacion-de-proyectos-innovadores\/contactenos\/\" \/>\n<meta property=\"og:locale\" content=\"es_ES\" \/>\n<meta property=\"og:type\" content=\"article\" \/>\n<meta property=\"og:title\" content=\"Cont\u00e1ctenos - EFI AUTOMOTIVE SERVICE\" \/>\n<meta property=\"og:description\" content=\"EFI Automotive Service puede ayudarle a dise\u00f1ar y desarrollar juntos los proyectos del ma\u00f1ana.\" \/>\n<meta property=\"og:url\" content=\"https:\/\/www.efi-service.com\/es\/industrializacion-de-proyectos-innovadores\/contactenos\/\" \/>\n<meta property=\"og:site_name\" content=\"EFI AUTOMOTIVE SERVICE\" \/>\n<meta property=\"article:modified_time\" content=\"2024-11-26T16:42:58+00:00\" \/>\n<meta name=\"twitter:card\" content=\"summary_large_image\" \/>\n<script type=\"application\/ld+json\" class=\"yoast-schema-graph\">{\"@context\":\"https:\\\/\\\/schema.org\",\"@graph\":[{\"@type\":\"WebPage\",\"@id\":\"https:\\\/\\\/www.efi-service.com\\\/es\\\/industrializacion-de-proyectos-innovadores\\\/contactenos\\\/\",\"url\":\"https:\\\/\\\/www.efi-service.com\\\/es\\\/industrializacion-de-proyectos-innovadores\\\/contactenos\\\/\",\"name\":\"Cont\u00e1ctenos - EFI AUTOMOTIVE SERVICE\",\"isPartOf\":{\"@id\":\"https:\\\/\\\/www.efi-service.com\\\/#website\"},\"datePublished\":\"2019-07-10T11:35:44+00:00\",\"dateModified\":\"2024-11-26T16:42:58+00:00\",\"breadcrumb\":{\"@id\":\"https:\\\/\\\/www.efi-service.com\\\/es\\\/industrializacion-de-proyectos-innovadores\\\/contactenos\\\/#breadcrumb\"},\"inLanguage\":\"es\",\"potentialAction\":[{\"@type\":\"ReadAction\",\"target\":[\"https:\\\/\\\/www.efi-service.com\\\/es\\\/industrializacion-de-proyectos-innovadores\\\/contactenos\\\/\"]}]},{\"@type\":\"BreadcrumbList\",\"@id\":\"https:\\\/\\\/www.efi-service.com\\\/es\\\/industrializacion-de-proyectos-innovadores\\\/contactenos\\\/#breadcrumb\",\"itemListElement\":[{\"@type\":\"ListItem\",\"position\":1,\"name\":\"Home\",\"item\":\"https:\\\/\\\/www.efi-service.com\\\/es\\\/\"},{\"@type\":\"ListItem\",\"position\":2,\"name\":\"Industrializaci\u00f3n de proyectos innovadores\",\"item\":\"https:\\\/\\\/www.efi-service.com\\\/es\\\/industrializacion-de-proyectos-innovadores\\\/\"},{\"@type\":\"ListItem\",\"position\":3,\"name\":\"Cont\u00e1ctenos\"}]},{\"@type\":\"WebSite\",\"@id\":\"https:\\\/\\\/www.efi-service.com\\\/#website\",\"url\":\"https:\\\/\\\/www.efi-service.com\\\/\",\"name\":\"EFI AUTOMOTIVE SERVICE\",\"description\":\"SENSE. BUILD. DRIVE.\",\"publisher\":{\"@id\":\"https:\\\/\\\/www.efi-service.com\\\/#organization\"},\"potentialAction\":[{\"@type\":\"SearchAction\",\"target\":{\"@type\":\"EntryPoint\",\"urlTemplate\":\"https:\\\/\\\/www.efi-service.com\\\/?s={search_term_string}\"},\"query-input\":{\"@type\":\"PropertyValueSpecification\",\"valueRequired\":true,\"valueName\":\"search_term_string\"}}],\"inLanguage\":\"es\"},{\"@type\":\"Organization\",\"@id\":\"https:\\\/\\\/www.efi-service.com\\\/#organization\",\"name\":\"EFI AUTOMOTIVE SERVICE\",\"url\":\"https:\\\/\\\/www.efi-service.com\\\/\",\"logo\":{\"@type\":\"ImageObject\",\"inLanguage\":\"es\",\"@id\":\"https:\\\/\\\/www.efi-service.com\\\/#\\\/schema\\\/logo\\\/image\\\/\",\"url\":\"https:\\\/\\\/www.efi-service.com\\\/wp-content\\\/uploads\\\/2022\\\/04\\\/logo-efi-service.png\",\"contentUrl\":\"https:\\\/\\\/www.efi-service.com\\\/wp-content\\\/uploads\\\/2022\\\/04\\\/logo-efi-service.png\",\"width\":165,\"height\":158,\"caption\":\"EFI AUTOMOTIVE SERVICE\"},\"image\":{\"@id\":\"https:\\\/\\\/www.efi-service.com\\\/#\\\/schema\\\/logo\\\/image\\\/\"}}]}<\/script>\n<!-- \/ Yoast SEO plugin. -->","yoast_head_json":{"title":"Cont\u00e1ctenos - EFI AUTOMOTIVE SERVICE","robots":{"index":"index","follow":"follow","max-snippet":"max-snippet:-1","max-image-preview":"max-image-preview:large","max-video-preview":"max-video-preview:-1"},"canonical":"https:\/\/www.efi-service.com\/es\/industrializacion-de-proyectos-innovadores\/contactenos\/","og_locale":"es_ES","og_type":"article","og_title":"Cont\u00e1ctenos - EFI AUTOMOTIVE SERVICE","og_description":"EFI Automotive Service puede ayudarle a dise\u00f1ar y desarrollar juntos los proyectos del ma\u00f1ana.","og_url":"https:\/\/www.efi-service.com\/es\/industrializacion-de-proyectos-innovadores\/contactenos\/","og_site_name":"EFI AUTOMOTIVE SERVICE","article_modified_time":"2024-11-26T16:42:58+00:00","twitter_card":"summary_large_image","schema":{"@context":"https:\/\/schema.org","@graph":[{"@type":"WebPage","@id":"https:\/\/www.efi-service.com\/es\/industrializacion-de-proyectos-innovadores\/contactenos\/","url":"https:\/\/www.efi-service.com\/es\/industrializacion-de-proyectos-innovadores\/contactenos\/","name":"Cont\u00e1ctenos - EFI AUTOMOTIVE SERVICE","isPartOf":{"@id":"https:\/\/www.efi-service.com\/#website"},"datePublished":"2019-07-10T11:35:44+00:00","dateModified":"2024-11-26T16:42:58+00:00","breadcrumb":{"@id":"https:\/\/www.efi-service.com\/es\/industrializacion-de-proyectos-innovadores\/contactenos\/#breadcrumb"},"inLanguage":"es","potentialAction":[{"@type":"ReadAction","target":["https:\/\/www.efi-service.com\/es\/industrializacion-de-proyectos-innovadores\/contactenos\/"]}]},{"@type":"BreadcrumbList","@id":"https:\/\/www.efi-service.com\/es\/industrializacion-de-proyectos-innovadores\/contactenos\/#breadcrumb","itemListElement":[{"@type":"ListItem","position":1,"name":"Home","item":"https:\/\/www.efi-service.com\/es\/"},{"@type":"ListItem","position":2,"name":"Industrializaci\u00f3n de proyectos innovadores","item":"https:\/\/www.efi-service.com\/es\/industrializacion-de-proyectos-innovadores\/"},{"@type":"ListItem","position":3,"name":"Cont\u00e1ctenos"}]},{"@type":"WebSite","@id":"https:\/\/www.efi-service.com\/#website","url":"https:\/\/www.efi-service.com\/","name":"EFI AUTOMOTIVE SERVICE","description":"SENSE. BUILD. DRIVE.","publisher":{"@id":"https:\/\/www.efi-service.com\/#organization"},"potentialAction":[{"@type":"SearchAction","target":{"@type":"EntryPoint","urlTemplate":"https:\/\/www.efi-service.com\/?s={search_term_string}"},"query-input":{"@type":"PropertyValueSpecification","valueRequired":true,"valueName":"search_term_string"}}],"inLanguage":"es"},{"@type":"Organization","@id":"https:\/\/www.efi-service.com\/#organization","name":"EFI AUTOMOTIVE SERVICE","url":"https:\/\/www.efi-service.com\/","logo":{"@type":"ImageObject","inLanguage":"es","@id":"https:\/\/www.efi-service.com\/#\/schema\/logo\/image\/","url":"https:\/\/www.efi-service.com\/wp-content\/uploads\/2022\/04\/logo-efi-service.png","contentUrl":"https:\/\/www.efi-service.com\/wp-content\/uploads\/2022\/04\/logo-efi-service.png","width":165,"height":158,"caption":"EFI AUTOMOTIVE SERVICE"},"image":{"@id":"https:\/\/www.efi-service.com\/#\/schema\/logo\/image\/"}}]}},"_links":{"self":[{"href":"https:\/\/www.efi-service.com\/es\/wp-json\/wp\/v2\/pages\/11894","targetHints":{"allow":["GET"]}}],"collection":[{"href":"https:\/\/www.efi-service.com\/es\/wp-json\/wp\/v2\/pages"}],"about":[{"href":"https:\/\/www.efi-service.com\/es\/wp-json\/wp\/v2\/types\/page"}],"author":[{"embeddable":true,"href":"https:\/\/www.efi-service.com\/es\/wp-json\/wp\/v2\/users\/1"}],"replies":[{"embeddable":true,"href":"https:\/\/www.efi-service.com\/es\/wp-json\/wp\/v2\/comments?post=11894"}],"version-history":[{"count":5,"href":"https:\/\/www.efi-service.com\/es\/wp-json\/wp\/v2\/pages\/11894\/revisions"}],"predecessor-version":[{"id":14633,"href":"https:\/\/www.efi-service.com\/es\/wp-json\/wp\/v2\/pages\/11894\/revisions\/14633"}],"up":[{"embeddable":true,"href":"https:\/\/www.efi-service.com\/es\/wp-json\/wp\/v2\/pages\/11887"}],"wp:attachment":[{"href":"https:\/\/www.efi-service.com\/es\/wp-json\/wp\/v2\/media?parent=11894"}],"curies":[{"name":"wp","href":"https:\/\/api.w.org\/{rel}","templated":true}]}}