{"id":11845,"date":"2022-09-26T10:15:53","date_gmt":"2022-09-26T08:15:53","guid":{"rendered":"https:\/\/www.efi-service.com\/documentation\/"},"modified":"2023-10-17T08:58:50","modified_gmt":"2023-10-17T06:58:50","slug":"documentacion","status":"publish","type":"page","link":"https:\/\/www.efi-service.com\/es\/actividad-de-recambio\/documentacion\/","title":{"rendered":"Documentaci\u00f3n"},"content":{"rendered":"\n<p class=\"has-white-color has-text-color\"><\/p>\n","protected":false},"excerpt":{"rendered":"<p>EFI Automotive Service pone a su disposici\u00f3n documentos t\u00e9cnicos y comerciales. \u00a1Desc\u00fabralos ahora!<\/p>\n","protected":false},"author":3,"featured_media":11007,"parent":11898,"menu_order":0,"comment_status":"closed","ping_status":"closed","template":"page-ressources.php","meta":{"_acf_changed":false,"footnotes":""},"class_list":["post-11845","page","type-page","status-publish","has-post-thumbnail","hentry"],"acf":[],"yoast_head":"<!-- This site is optimized with the Yoast SEO plugin v27.4 - https:\/\/yoast.com\/product\/yoast-seo-wordpress\/ -->\n<title>Documentaci\u00f3n - EFI AUTOMOTIVE SERVICE<\/title>\n<meta name=\"robots\" content=\"index, follow, max-snippet:-1, max-image-preview:large, max-video-preview:-1\" \/>\n<link rel=\"canonical\" href=\"https:\/\/www.efi-service.com\/es\/actividad-de-recambio\/documentacion\/\" \/>\n<meta property=\"og:locale\" content=\"es_ES\" \/>\n<meta property=\"og:type\" content=\"article\" \/>\n<meta property=\"og:title\" content=\"Documentaci\u00f3n - EFI AUTOMOTIVE SERVICE\" \/>\n<meta property=\"og:description\" content=\"EFI Automotive Service pone a su disposici\u00f3n documentos t\u00e9cnicos y comerciales. \u00a1Desc\u00fabralos ahora!\" \/>\n<meta property=\"og:url\" content=\"https:\/\/www.efi-service.com\/es\/actividad-de-recambio\/documentacion\/\" \/>\n<meta property=\"og:site_name\" content=\"EFI AUTOMOTIVE SERVICE\" \/>\n<meta property=\"article:modified_time\" content=\"2023-10-17T06:58:50+00:00\" \/>\n<meta property=\"og:image\" content=\"https:\/\/www.efi-service.com\/wp-content\/uploads\/2022\/10\/shutterstock_1285992631-scaled.jpg\" \/>\n\t<meta property=\"og:image:width\" content=\"2560\" \/>\n\t<meta property=\"og:image:height\" content=\"1412\" \/>\n\t<meta property=\"og:image:type\" content=\"image\/jpeg\" \/>\n<meta name=\"twitter:card\" content=\"summary_large_image\" \/>\n<script type=\"application\/ld+json\" class=\"yoast-schema-graph\">{\"@context\":\"https:\\\/\\\/schema.org\",\"@graph\":[{\"@type\":\"WebPage\",\"@id\":\"https:\\\/\\\/www.efi-service.com\\\/es\\\/actividad-de-recambio\\\/documentacion\\\/\",\"url\":\"https:\\\/\\\/www.efi-service.com\\\/es\\\/actividad-de-recambio\\\/documentacion\\\/\",\"name\":\"Documentaci\u00f3n - EFI AUTOMOTIVE SERVICE\",\"isPartOf\":{\"@id\":\"https:\\\/\\\/www.efi-service.com\\\/#website\"},\"primaryImageOfPage\":{\"@id\":\"https:\\\/\\\/www.efi-service.com\\\/es\\\/actividad-de-recambio\\\/documentacion\\\/#primaryimage\"},\"image\":{\"@id\":\"https:\\\/\\\/www.efi-service.com\\\/es\\\/actividad-de-recambio\\\/documentacion\\\/#primaryimage\"},\"thumbnailUrl\":\"https:\\\/\\\/www.efi-service.com\\\/wp-content\\\/uploads\\\/2022\\\/10\\\/shutterstock_1285992631-scaled.jpg\",\"datePublished\":\"2022-09-26T08:15:53+00:00\",\"dateModified\":\"2023-10-17T06:58:50+00:00\",\"breadcrumb\":{\"@id\":\"https:\\\/\\\/www.efi-service.com\\\/es\\\/actividad-de-recambio\\\/documentacion\\\/#breadcrumb\"},\"inLanguage\":\"es\",\"potentialAction\":[{\"@type\":\"ReadAction\",\"target\":[\"https:\\\/\\\/www.efi-service.com\\\/es\\\/actividad-de-recambio\\\/documentacion\\\/\"]}]},{\"@type\":\"ImageObject\",\"inLanguage\":\"es\",\"@id\":\"https:\\\/\\\/www.efi-service.com\\\/es\\\/actividad-de-recambio\\\/documentacion\\\/#primaryimage\",\"url\":\"https:\\\/\\\/www.efi-service.com\\\/wp-content\\\/uploads\\\/2022\\\/10\\\/shutterstock_1285992631-scaled.jpg\",\"contentUrl\":\"https:\\\/\\\/www.efi-service.com\\\/wp-content\\\/uploads\\\/2022\\\/10\\\/shutterstock_1285992631-scaled.jpg\",\"width\":2560,\"height\":1412},{\"@type\":\"BreadcrumbList\",\"@id\":\"https:\\\/\\\/www.efi-service.com\\\/es\\\/actividad-de-recambio\\\/documentacion\\\/#breadcrumb\",\"itemListElement\":[{\"@type\":\"ListItem\",\"position\":1,\"name\":\"Home\",\"item\":\"https:\\\/\\\/www.efi-service.com\\\/es\\\/\"},{\"@type\":\"ListItem\",\"position\":2,\"name\":\"Actividad de recambio\",\"item\":\"https:\\\/\\\/www.efi-service.com\\\/es\\\/actividad-de-recambio\\\/\"},{\"@type\":\"ListItem\",\"position\":3,\"name\":\"Documentaci\u00f3n\"}]},{\"@type\":\"WebSite\",\"@id\":\"https:\\\/\\\/www.efi-service.com\\\/#website\",\"url\":\"https:\\\/\\\/www.efi-service.com\\\/\",\"name\":\"EFI AUTOMOTIVE SERVICE\",\"description\":\"SENSE. BUILD. DRIVE.\",\"publisher\":{\"@id\":\"https:\\\/\\\/www.efi-service.com\\\/#organization\"},\"potentialAction\":[{\"@type\":\"SearchAction\",\"target\":{\"@type\":\"EntryPoint\",\"urlTemplate\":\"https:\\\/\\\/www.efi-service.com\\\/?s={search_term_string}\"},\"query-input\":{\"@type\":\"PropertyValueSpecification\",\"valueRequired\":true,\"valueName\":\"search_term_string\"}}],\"inLanguage\":\"es\"},{\"@type\":\"Organization\",\"@id\":\"https:\\\/\\\/www.efi-service.com\\\/#organization\",\"name\":\"EFI AUTOMOTIVE SERVICE\",\"url\":\"https:\\\/\\\/www.efi-service.com\\\/\",\"logo\":{\"@type\":\"ImageObject\",\"inLanguage\":\"es\",\"@id\":\"https:\\\/\\\/www.efi-service.com\\\/#\\\/schema\\\/logo\\\/image\\\/\",\"url\":\"https:\\\/\\\/www.efi-service.com\\\/wp-content\\\/uploads\\\/2022\\\/04\\\/logo-efi-service.png\",\"contentUrl\":\"https:\\\/\\\/www.efi-service.com\\\/wp-content\\\/uploads\\\/2022\\\/04\\\/logo-efi-service.png\",\"width\":165,\"height\":158,\"caption\":\"EFI AUTOMOTIVE SERVICE\"},\"image\":{\"@id\":\"https:\\\/\\\/www.efi-service.com\\\/#\\\/schema\\\/logo\\\/image\\\/\"}}]}<\/script>\n<!-- \/ Yoast SEO plugin. -->","yoast_head_json":{"title":"Documentaci\u00f3n - EFI AUTOMOTIVE SERVICE","robots":{"index":"index","follow":"follow","max-snippet":"max-snippet:-1","max-image-preview":"max-image-preview:large","max-video-preview":"max-video-preview:-1"},"canonical":"https:\/\/www.efi-service.com\/es\/actividad-de-recambio\/documentacion\/","og_locale":"es_ES","og_type":"article","og_title":"Documentaci\u00f3n - EFI AUTOMOTIVE SERVICE","og_description":"EFI Automotive Service pone a su disposici\u00f3n documentos t\u00e9cnicos y comerciales. \u00a1Desc\u00fabralos ahora!","og_url":"https:\/\/www.efi-service.com\/es\/actividad-de-recambio\/documentacion\/","og_site_name":"EFI AUTOMOTIVE SERVICE","article_modified_time":"2023-10-17T06:58:50+00:00","og_image":[{"width":2560,"height":1412,"url":"https:\/\/www.efi-service.com\/wp-content\/uploads\/2022\/10\/shutterstock_1285992631-scaled.jpg","type":"image\/jpeg"}],"twitter_card":"summary_large_image","schema":{"@context":"https:\/\/schema.org","@graph":[{"@type":"WebPage","@id":"https:\/\/www.efi-service.com\/es\/actividad-de-recambio\/documentacion\/","url":"https:\/\/www.efi-service.com\/es\/actividad-de-recambio\/documentacion\/","name":"Documentaci\u00f3n - EFI AUTOMOTIVE SERVICE","isPartOf":{"@id":"https:\/\/www.efi-service.com\/#website"},"primaryImageOfPage":{"@id":"https:\/\/www.efi-service.com\/es\/actividad-de-recambio\/documentacion\/#primaryimage"},"image":{"@id":"https:\/\/www.efi-service.com\/es\/actividad-de-recambio\/documentacion\/#primaryimage"},"thumbnailUrl":"https:\/\/www.efi-service.com\/wp-content\/uploads\/2022\/10\/shutterstock_1285992631-scaled.jpg","datePublished":"2022-09-26T08:15:53+00:00","dateModified":"2023-10-17T06:58:50+00:00","breadcrumb":{"@id":"https:\/\/www.efi-service.com\/es\/actividad-de-recambio\/documentacion\/#breadcrumb"},"inLanguage":"es","potentialAction":[{"@type":"ReadAction","target":["https:\/\/www.efi-service.com\/es\/actividad-de-recambio\/documentacion\/"]}]},{"@type":"ImageObject","inLanguage":"es","@id":"https:\/\/www.efi-service.com\/es\/actividad-de-recambio\/documentacion\/#primaryimage","url":"https:\/\/www.efi-service.com\/wp-content\/uploads\/2022\/10\/shutterstock_1285992631-scaled.jpg","contentUrl":"https:\/\/www.efi-service.com\/wp-content\/uploads\/2022\/10\/shutterstock_1285992631-scaled.jpg","width":2560,"height":1412},{"@type":"BreadcrumbList","@id":"https:\/\/www.efi-service.com\/es\/actividad-de-recambio\/documentacion\/#breadcrumb","itemListElement":[{"@type":"ListItem","position":1,"name":"Home","item":"https:\/\/www.efi-service.com\/es\/"},{"@type":"ListItem","position":2,"name":"Actividad de recambio","item":"https:\/\/www.efi-service.com\/es\/actividad-de-recambio\/"},{"@type":"ListItem","position":3,"name":"Documentaci\u00f3n"}]},{"@type":"WebSite","@id":"https:\/\/www.efi-service.com\/#website","url":"https:\/\/www.efi-service.com\/","name":"EFI AUTOMOTIVE SERVICE","description":"SENSE. BUILD. DRIVE.","publisher":{"@id":"https:\/\/www.efi-service.com\/#organization"},"potentialAction":[{"@type":"SearchAction","target":{"@type":"EntryPoint","urlTemplate":"https:\/\/www.efi-service.com\/?s={search_term_string}"},"query-input":{"@type":"PropertyValueSpecification","valueRequired":true,"valueName":"search_term_string"}}],"inLanguage":"es"},{"@type":"Organization","@id":"https:\/\/www.efi-service.com\/#organization","name":"EFI AUTOMOTIVE SERVICE","url":"https:\/\/www.efi-service.com\/","logo":{"@type":"ImageObject","inLanguage":"es","@id":"https:\/\/www.efi-service.com\/#\/schema\/logo\/image\/","url":"https:\/\/www.efi-service.com\/wp-content\/uploads\/2022\/04\/logo-efi-service.png","contentUrl":"https:\/\/www.efi-service.com\/wp-content\/uploads\/2022\/04\/logo-efi-service.png","width":165,"height":158,"caption":"EFI AUTOMOTIVE SERVICE"},"image":{"@id":"https:\/\/www.efi-service.com\/#\/schema\/logo\/image\/"}}]}},"_links":{"self":[{"href":"https:\/\/www.efi-service.com\/es\/wp-json\/wp\/v2\/pages\/11845","targetHints":{"allow":["GET"]}}],"collection":[{"href":"https:\/\/www.efi-service.com\/es\/wp-json\/wp\/v2\/pages"}],"about":[{"href":"https:\/\/www.efi-service.com\/es\/wp-json\/wp\/v2\/types\/page"}],"author":[{"embeddable":true,"href":"https:\/\/www.efi-service.com\/es\/wp-json\/wp\/v2\/users\/3"}],"replies":[{"embeddable":true,"href":"https:\/\/www.efi-service.com\/es\/wp-json\/wp\/v2\/comments?post=11845"}],"version-history":[{"count":3,"href":"https:\/\/www.efi-service.com\/es\/wp-json\/wp\/v2\/pages\/11845\/revisions"}],"predecessor-version":[{"id":12630,"href":"https:\/\/www.efi-service.com\/es\/wp-json\/wp\/v2\/pages\/11845\/revisions\/12630"}],"up":[{"embeddable":true,"href":"https:\/\/www.efi-service.com\/es\/wp-json\/wp\/v2\/pages\/11898"}],"wp:featuredmedia":[{"embeddable":true,"href":"https:\/\/www.efi-service.com\/es\/wp-json\/wp\/v2\/media\/11007"}],"wp:attachment":[{"href":"https:\/\/www.efi-service.com\/es\/wp-json\/wp\/v2\/media?parent=11845"}],"curies":[{"name":"wp","href":"https:\/\/api.w.org\/{rel}","templated":true}]}}