{"id":11591,"date":"2022-04-27T10:45:32","date_gmt":"2022-04-27T08:45:32","guid":{"rendered":"https:\/\/www.efi-service.com\/decouvrir-notre-entreprise\/notre-adn\/"},"modified":"2023-10-17T08:41:28","modified_gmt":"2023-10-17T06:41:28","slug":"nuestro-adn","status":"publish","type":"page","link":"https:\/\/www.efi-service.com\/es\/actividad-de-recambio\/quienes-somos\/nuestro-adn\/","title":{"rendered":"Nuestro ADN"},"content":{"rendered":"\n<div class=\"gabarit-global-intro\" id=\"introduction-block_dd3f7d1a46221166e8bb6938bfff4527\">\n\t<h1 class=\"title\">Nuestro ADN<\/h1>\n\t<p class=\"accroche\"><\/p>\n<\/div>\n\n\n\n\t<div class=\"container wysiwyg gabarit-text-riche animBottomToTop\" id=\"texte-riche-block_78b0a9a5e3f97a4feb06565c63673018\">\n\t\t<div class=\"wrapper-txt-riche\">\n\t\t\t<p>Mucho antes de que la responsabilidad social empresarial, o RSE, fuera una obligaci\u00f3n legal, ya formaba parte de nuestras preocupaciones. De hecho, se aplica tanto a las condiciones laborales de los trabajadores como a la concienciaci\u00f3n del desarrollo sostenible.<\/p>\n<h3>Nuestra visi\u00f3n<\/h3>\n<p>Como filial del Grupo EFI Automotive, pertenecemos a una empresa familiar y responsable, posicionada en un mercado mundial. Representamos una actividad complementaria a la del Grupo, y nos esmeramos por compartir una visi\u00f3n com\u00fan: mantener un proyecto industrial combinado con una fuerte cultura del servicio, en beneficio de una comunidad que se desarrolla econ\u00f3micamente pero tambi\u00e9n desde el punto de vista humano.<\/p>\n<p>Con nuestros productos especializados en el mercado de las piezas de repuesto, contribuimos a mejorar la durabilidad de los veh\u00edculos presentes en todas las carreteras del mundo. Asimismo, nos comprometemos con empresas innovadoras, para ayudarlas a desarrollar sus proyectos mejorando cada d\u00eda la vida diaria de millones de personas.<\/p>\n<p>&nbsp;<\/p>\n<h3>Nuestros valores<\/h3>\n<p>Los valores del grupo EFI forman parte de nuestro ADN. Proceden de nuestra cultura y de nuestra herencia. Representan por tanto una gu\u00eda para orientar todas nuestras acciones y decisiones importantes. Estos valores que nos impulsan son los siguientes:<\/p>\n<p><img decoding=\"async\" class=\"aligncenter wp-image-8089\" src=\"https:\/\/www.efi-service.com\/wp-content\/uploads\/2022\/07\/esprit_equipe-300x142.png\" alt=\"\" width=\"220\" height=\"104\" srcset=\"https:\/\/www.efi-service.com\/wp-content\/uploads\/2022\/07\/esprit_equipe-300x142.png 300w, https:\/\/www.efi-service.com\/wp-content\/uploads\/2022\/07\/esprit_equipe-768x365.png 768w, https:\/\/www.efi-service.com\/wp-content\/uploads\/2022\/07\/esprit_equipe.png 912w\" sizes=\"(max-width: 220px) 100vw, 220px\" \/><\/p>\n<h4><strong>ESP\u00cdRITU DE EMPRESA<\/strong><\/h4>\n<p>Nos sentimos orgullosos de pertenecer al Grupo EFI Automotive. Trabajamos juntos al servicio de nuestros clientes para asegurar la continuidad del grupo. Apasionados por emprender, nos ponemos a trabajar para construir juntos nuestro futuro. Damos preferencia al inter\u00e9s general al servicio de nuestra comunidad. As\u00ed, cada uno pone sus competencias y su experiencia en beneficio del grupo y contribuye a su desarrollo.<\/p>\n<p><img decoding=\"async\" class=\"aligncenter wp-image-8101\" src=\"https:\/\/www.efi-service.com\/wp-content\/uploads\/2022\/07\/sincerite-227x300.png\" alt=\"\" width=\"110\" height=\"146\" srcset=\"https:\/\/www.efi-service.com\/wp-content\/uploads\/2022\/07\/sincerite-227x300.png 227w, https:\/\/www.efi-service.com\/wp-content\/uploads\/2022\/07\/sincerite.png 432w\" sizes=\"(max-width: 110px) 100vw, 110px\" \/><\/p>\n<h4><strong>SINCERIDAD<\/strong><\/h4>\n<p>Tanto en la empresa como con nuestros proveedores y nuestros clientes, estamos siempre a la escucha, y trabajamos con confianza y sinceridad para encontrar juntos y r\u00e1pidamente las soluciones m\u00e1s adecuadas. De esta forma, establecemos colaboraciones s\u00f3lidas y duraderas. Buscamos sistem\u00e1ticamente analizar las situaciones de la manera m\u00e1s objetiva posible. Por encima de las conjeturas, trabajamos juntos con un esp\u00edritu de mutua confianza y de apertura.<\/p>\n<p><img decoding=\"async\" class=\"aligncenter wp-image-8098\" src=\"https:\/\/www.efi-service.com\/wp-content\/uploads\/2022\/07\/responsabilite-300x239.png\" alt=\"\" width=\"157\" height=\"125\" srcset=\"https:\/\/www.efi-service.com\/wp-content\/uploads\/2022\/07\/responsabilite-300x239.png 300w, https:\/\/www.efi-service.com\/wp-content\/uploads\/2022\/07\/responsabilite.png 625w\" sizes=\"(max-width: 157px) 100vw, 157px\" \/><\/p>\n<h4><strong>RESPONSABILIDAD<\/strong><\/h4>\n<p>En cada nivel de la organizaci\u00f3n, cada colaborador act\u00faa de forma responsable en el marco de su misi\u00f3n y contribuye al desarrollo permanente del Grupo. As\u00ed, favorecemos la toma de responsabilidades y actuamos seg\u00fan el principio de subsidiariedad (autonom\u00eda, deber de ayuda y de suplencia). EFI Automotive es una empresa responsable: all\u00ed donde estamos implantados, respetamos la normativa en vigor, los derechos humanos y la legislaci\u00f3n local. Actuamos con \u00e9tica e integridad, respetando el medio ambiente.<\/p>\n<p><img decoding=\"async\" class=\"aligncenter wp-image-8095\" src=\"https:\/\/www.efi-service.com\/wp-content\/uploads\/2022\/07\/respect-279x300.png\" alt=\"\" width=\"120\" height=\"129\" srcset=\"https:\/\/www.efi-service.com\/wp-content\/uploads\/2022\/07\/respect-279x300.png 279w, https:\/\/www.efi-service.com\/wp-content\/uploads\/2022\/07\/respect-515x558.png 515w, https:\/\/www.efi-service.com\/wp-content\/uploads\/2022\/07\/respect.png 519w\" sizes=\"(max-width: 120px) 100vw, 120px\" \/><\/p>\n<h4><strong>RESPETO<\/strong><\/h4>\n<p>Los empleados de EFI Automotive son una de las principales riquezas de la empresa. Juntos, con nuestra diversidad de lenguas y de culturas, formamos una comunidad rica y variada y, respetando nuestras diferencias, vamos en pos de un objetivo com\u00fan. Queremos que nuestra comunidad crezca ayudando a cada empleado con la formaci\u00f3n y el desarrollo de sus competencias. En cada nivel de la jerarqu\u00eda, respetamos el trabajo de nuestros colaboradores. Estamos pendientes de sus ideas y sus propuestas.<\/p>\n<p>Somos solidarios y nos ayudamos los unos a los otros con opiniones positivas o cr\u00edticas constructivas, para progresar juntos, hacia la excelencia. Nos concedemos el derecho al error. Al mismo tiempo, esperamos que cada uno reconozca sus errores, los corrija de manera responsable y quiera seguir avanzando, super\u00e1ndose a s\u00ed mismo y haciendo progresar a toda la organizaci\u00f3n.<\/p>\n<p><img decoding=\"async\" class=\"aligncenter wp-image-8086\" src=\"https:\/\/www.efi-service.com\/wp-content\/uploads\/2022\/07\/esprit_entp-300x300.png\" alt=\"\" width=\"120\" height=\"120\" srcset=\"https:\/\/www.efi-service.com\/wp-content\/uploads\/2022\/07\/esprit_entp-300x300.png 300w, https:\/\/www.efi-service.com\/wp-content\/uploads\/2022\/07\/esprit_entp-150x150.png 150w, https:\/\/www.efi-service.com\/wp-content\/uploads\/2022\/07\/esprit_entp.png 532w\" sizes=\"(max-width: 120px) 100vw, 120px\" \/><\/p>\n<h4><strong>AGILIDAD \/ FLEXIBILIDAD<\/strong><\/h4>\n<p>Trabajamos lo m\u00e1s cerca posible de nuestros clientes. Estamos atentos a sus necesidades espec\u00edficas para aportarles lo antes posible soluciones fiables e innovadoras al mejor coste. Queremos mantener un modo de organizaci\u00f3n abierto y fluido que simplifique los procesos y acelere la toma de decisiones. Esto nos aporta la flexibilidad necesaria para adaptarse a un mercado en fuerte evoluci\u00f3n.<\/p>\n<p><img decoding=\"async\" class=\"aligncenter wp-image-8092\" src=\"https:\/\/www.efi-service.com\/wp-content\/uploads\/2022\/07\/focus-300x300.png\" alt=\"\" width=\"120\" height=\"120\" srcset=\"https:\/\/www.efi-service.com\/wp-content\/uploads\/2022\/07\/focus-300x300.png 300w, https:\/\/www.efi-service.com\/wp-content\/uploads\/2022\/07\/focus-150x150.png 150w, https:\/\/www.efi-service.com\/wp-content\/uploads\/2022\/07\/focus.png 456w\" sizes=\"(max-width: 120px) 100vw, 120px\" \/><\/p>\n<h4><strong>FOCALIZACI\u00d3N<\/strong><\/h4>\n<p>Trabajamos juntos para definir los principales objetivos del Grupo y seguimos la misma l\u00ednea para su aplicaci\u00f3n eficaz. Orientamos nuestros esfuerzos hacia la creaci\u00f3n de valores al servicio del cliente y de nuestra comunidad.<\/p>\n<h3><strong>NUESTRA IMPLICACI\u00d3N CON EL MEDIO AMBIENTE<\/strong><\/h3>\n<p>A trav\u00e9s de nuestras actividades, productos y servicios, nos comprometemos con un proceso responsable y respetuoso con el entorno. Este compromiso est\u00e1 reflejado en nuestro centro de producci\u00f3n, con la certificaci\u00f3n ISO 14001, de la siguiente manera:<\/p>\n<h4><strong>PREVENCI\u00d3N Y REDUCCI\u00d3N DE LA CONTAMINACI\u00d3N<\/strong><\/h4>\n<ul>\n<li>Realizaci\u00f3n de balance de emisiones de carbono en nuestro centro<\/li>\n<li>Optimizaci\u00f3n del cargamento de los camiones para limitar los transportes<\/li>\n<\/ul>\n<h4><strong>REDUCCI\u00d3N DE LOS RESIDUOS<\/strong><\/h4>\n<ul>\n<li>Clasificaci\u00f3n selectiva de los residuos<\/li>\n<li>Reducci\u00f3n de embalajes y utilizaci\u00f3n de envases reciclables<\/li>\n<\/ul>\n<h4><strong>GESTI\u00d3N DEL AGUA<\/strong><\/h4>\n<ul>\n<li>uncionamiento de todas nuestras m\u00e1quinas en circuitos cerrados o semicerrados<\/li>\n<\/ul>\n<h4><strong>PREVENCI\u00d3N DE RIESGOS<\/strong><\/h4>\n<ul>\n<li>Utilizaci\u00f3n restringida de productos qu\u00edmicos en nuestro centro de producci\u00f3n<\/li>\n<li>Consideraci\u00f3n de exigencias medioambientales desde la fase de dise\u00f1o de nuestros productos para evitar la utilizaci\u00f3n de materiales contaminantes o peligrosos<\/li>\n<li>Gesti\u00f3n de productos qu\u00edmicos con un procedimiento espec\u00edfico (introducci\u00f3n y uso) y un test de vertido accidental en el conjunto de nuestros centros de producci\u00f3n<\/li>\n<li>Respeto de la normativa reach<\/li>\n<\/ul>\n<h4><strong>CONTROL DE LAS ENERG\u00cdAS<\/strong><\/h4>\n<ul>\n<li>Nuestros productos contribuyen a mejorar la eficacia de los veh\u00edculos y reducir as\u00ed las emisiones de co2<\/li>\n<li>Concienciaci\u00f3n de todo el personal en el consumo de energ\u00eda<\/li>\n<li>Utilizaci\u00f3n de sistemas con d\u00e9bil consumo de energ\u00eda (LED)<\/li>\n<\/ul>\n<p>&nbsp;<\/p>\n\t\t<\/div>\n\t<\/div>\n\n","protected":false},"excerpt":{"rendered":"","protected":false},"author":1,"featured_media":0,"parent":11360,"menu_order":0,"comment_status":"closed","ping_status":"closed","template":"","meta":{"_acf_changed":false,"footnotes":""},"class_list":["post-11591","page","type-page","status-publish","hentry"],"acf":[],"yoast_head":"<!-- This site is optimized with the Yoast SEO plugin v27.4 - https:\/\/yoast.com\/product\/yoast-seo-wordpress\/ -->\n<title>Nuestro ADN - EFI AUTOMOTIVE SERVICE<\/title>\n<meta name=\"description\" content=\"Filiale du Groupe EFI Automotive, nous sommes rattach\u00e9s \u00e0 une entreprise familiale et responsable, positionn\u00e9e sur un march\u00e9 mondial.\" \/>\n<meta name=\"robots\" content=\"index, follow, max-snippet:-1, max-image-preview:large, max-video-preview:-1\" \/>\n<link rel=\"canonical\" href=\"https:\/\/www.efi-service.com\/es\/actividad-de-recambio\/quienes-somos\/nuestro-adn\/\" \/>\n<meta property=\"og:locale\" content=\"es_ES\" \/>\n<meta property=\"og:type\" content=\"article\" \/>\n<meta property=\"og:title\" content=\"Nuestro ADN - EFI AUTOMOTIVE SERVICE\" \/>\n<meta property=\"og:description\" content=\"Filiale du Groupe EFI Automotive, nous sommes rattach\u00e9s \u00e0 une entreprise familiale et responsable, positionn\u00e9e sur un march\u00e9 mondial.\" \/>\n<meta property=\"og:url\" content=\"https:\/\/www.efi-service.com\/es\/actividad-de-recambio\/quienes-somos\/nuestro-adn\/\" \/>\n<meta property=\"og:site_name\" content=\"EFI AUTOMOTIVE SERVICE\" \/>\n<meta property=\"article:modified_time\" content=\"2023-10-17T06:41:28+00:00\" \/>\n<meta name=\"twitter:card\" content=\"summary_large_image\" \/>\n<script type=\"application\/ld+json\" class=\"yoast-schema-graph\">{\"@context\":\"https:\\\/\\\/schema.org\",\"@graph\":[{\"@type\":\"WebPage\",\"@id\":\"https:\\\/\\\/www.efi-service.com\\\/es\\\/actividad-de-recambio\\\/quienes-somos\\\/nuestro-adn\\\/\",\"url\":\"https:\\\/\\\/www.efi-service.com\\\/es\\\/actividad-de-recambio\\\/quienes-somos\\\/nuestro-adn\\\/\",\"name\":\"Nuestro ADN - EFI AUTOMOTIVE SERVICE\",\"isPartOf\":{\"@id\":\"https:\\\/\\\/www.efi-service.com\\\/#website\"},\"datePublished\":\"2022-04-27T08:45:32+00:00\",\"dateModified\":\"2023-10-17T06:41:28+00:00\",\"description\":\"Filiale du Groupe EFI Automotive, nous sommes rattach\u00e9s \u00e0 une entreprise familiale et responsable, positionn\u00e9e sur un march\u00e9 mondial.\",\"breadcrumb\":{\"@id\":\"https:\\\/\\\/www.efi-service.com\\\/es\\\/actividad-de-recambio\\\/quienes-somos\\\/nuestro-adn\\\/#breadcrumb\"},\"inLanguage\":\"es\",\"potentialAction\":[{\"@type\":\"ReadAction\",\"target\":[\"https:\\\/\\\/www.efi-service.com\\\/es\\\/actividad-de-recambio\\\/quienes-somos\\\/nuestro-adn\\\/\"]}]},{\"@type\":\"BreadcrumbList\",\"@id\":\"https:\\\/\\\/www.efi-service.com\\\/es\\\/actividad-de-recambio\\\/quienes-somos\\\/nuestro-adn\\\/#breadcrumb\",\"itemListElement\":[{\"@type\":\"ListItem\",\"position\":1,\"name\":\"Home\",\"item\":\"https:\\\/\\\/www.efi-service.com\\\/es\\\/\"},{\"@type\":\"ListItem\",\"position\":2,\"name\":\"Actividad de recambio\",\"item\":\"https:\\\/\\\/www.efi-service.com\\\/es\\\/actividad-de-recambio\\\/\"},{\"@type\":\"ListItem\",\"position\":3,\"name\":\"\u00bfQui\u00e9nes somos?\",\"item\":\"https:\\\/\\\/www.efi-service.com\\\/es\\\/actividad-de-recambio\\\/quienes-somos\\\/\"},{\"@type\":\"ListItem\",\"position\":4,\"name\":\"Nuestro ADN\"}]},{\"@type\":\"WebSite\",\"@id\":\"https:\\\/\\\/www.efi-service.com\\\/#website\",\"url\":\"https:\\\/\\\/www.efi-service.com\\\/\",\"name\":\"EFI AUTOMOTIVE SERVICE\",\"description\":\"SENSE. BUILD. DRIVE.\",\"publisher\":{\"@id\":\"https:\\\/\\\/www.efi-service.com\\\/#organization\"},\"potentialAction\":[{\"@type\":\"SearchAction\",\"target\":{\"@type\":\"EntryPoint\",\"urlTemplate\":\"https:\\\/\\\/www.efi-service.com\\\/?s={search_term_string}\"},\"query-input\":{\"@type\":\"PropertyValueSpecification\",\"valueRequired\":true,\"valueName\":\"search_term_string\"}}],\"inLanguage\":\"es\"},{\"@type\":\"Organization\",\"@id\":\"https:\\\/\\\/www.efi-service.com\\\/#organization\",\"name\":\"EFI AUTOMOTIVE SERVICE\",\"url\":\"https:\\\/\\\/www.efi-service.com\\\/\",\"logo\":{\"@type\":\"ImageObject\",\"inLanguage\":\"es\",\"@id\":\"https:\\\/\\\/www.efi-service.com\\\/#\\\/schema\\\/logo\\\/image\\\/\",\"url\":\"https:\\\/\\\/www.efi-service.com\\\/wp-content\\\/uploads\\\/2022\\\/04\\\/logo-efi-service.png\",\"contentUrl\":\"https:\\\/\\\/www.efi-service.com\\\/wp-content\\\/uploads\\\/2022\\\/04\\\/logo-efi-service.png\",\"width\":165,\"height\":158,\"caption\":\"EFI AUTOMOTIVE SERVICE\"},\"image\":{\"@id\":\"https:\\\/\\\/www.efi-service.com\\\/#\\\/schema\\\/logo\\\/image\\\/\"}}]}<\/script>\n<!-- \/ Yoast SEO plugin. -->","yoast_head_json":{"title":"Nuestro ADN - EFI AUTOMOTIVE SERVICE","description":"Filiale du Groupe EFI Automotive, nous sommes rattach\u00e9s \u00e0 une entreprise familiale et responsable, positionn\u00e9e sur un march\u00e9 mondial.","robots":{"index":"index","follow":"follow","max-snippet":"max-snippet:-1","max-image-preview":"max-image-preview:large","max-video-preview":"max-video-preview:-1"},"canonical":"https:\/\/www.efi-service.com\/es\/actividad-de-recambio\/quienes-somos\/nuestro-adn\/","og_locale":"es_ES","og_type":"article","og_title":"Nuestro ADN - EFI AUTOMOTIVE SERVICE","og_description":"Filiale du Groupe EFI Automotive, nous sommes rattach\u00e9s \u00e0 une entreprise familiale et responsable, positionn\u00e9e sur un march\u00e9 mondial.","og_url":"https:\/\/www.efi-service.com\/es\/actividad-de-recambio\/quienes-somos\/nuestro-adn\/","og_site_name":"EFI AUTOMOTIVE SERVICE","article_modified_time":"2023-10-17T06:41:28+00:00","twitter_card":"summary_large_image","schema":{"@context":"https:\/\/schema.org","@graph":[{"@type":"WebPage","@id":"https:\/\/www.efi-service.com\/es\/actividad-de-recambio\/quienes-somos\/nuestro-adn\/","url":"https:\/\/www.efi-service.com\/es\/actividad-de-recambio\/quienes-somos\/nuestro-adn\/","name":"Nuestro ADN - EFI AUTOMOTIVE SERVICE","isPartOf":{"@id":"https:\/\/www.efi-service.com\/#website"},"datePublished":"2022-04-27T08:45:32+00:00","dateModified":"2023-10-17T06:41:28+00:00","description":"Filiale du Groupe EFI Automotive, nous sommes rattach\u00e9s \u00e0 une entreprise familiale et responsable, positionn\u00e9e sur un march\u00e9 mondial.","breadcrumb":{"@id":"https:\/\/www.efi-service.com\/es\/actividad-de-recambio\/quienes-somos\/nuestro-adn\/#breadcrumb"},"inLanguage":"es","potentialAction":[{"@type":"ReadAction","target":["https:\/\/www.efi-service.com\/es\/actividad-de-recambio\/quienes-somos\/nuestro-adn\/"]}]},{"@type":"BreadcrumbList","@id":"https:\/\/www.efi-service.com\/es\/actividad-de-recambio\/quienes-somos\/nuestro-adn\/#breadcrumb","itemListElement":[{"@type":"ListItem","position":1,"name":"Home","item":"https:\/\/www.efi-service.com\/es\/"},{"@type":"ListItem","position":2,"name":"Actividad de recambio","item":"https:\/\/www.efi-service.com\/es\/actividad-de-recambio\/"},{"@type":"ListItem","position":3,"name":"\u00bfQui\u00e9nes somos?","item":"https:\/\/www.efi-service.com\/es\/actividad-de-recambio\/quienes-somos\/"},{"@type":"ListItem","position":4,"name":"Nuestro ADN"}]},{"@type":"WebSite","@id":"https:\/\/www.efi-service.com\/#website","url":"https:\/\/www.efi-service.com\/","name":"EFI AUTOMOTIVE SERVICE","description":"SENSE. BUILD. DRIVE.","publisher":{"@id":"https:\/\/www.efi-service.com\/#organization"},"potentialAction":[{"@type":"SearchAction","target":{"@type":"EntryPoint","urlTemplate":"https:\/\/www.efi-service.com\/?s={search_term_string}"},"query-input":{"@type":"PropertyValueSpecification","valueRequired":true,"valueName":"search_term_string"}}],"inLanguage":"es"},{"@type":"Organization","@id":"https:\/\/www.efi-service.com\/#organization","name":"EFI AUTOMOTIVE SERVICE","url":"https:\/\/www.efi-service.com\/","logo":{"@type":"ImageObject","inLanguage":"es","@id":"https:\/\/www.efi-service.com\/#\/schema\/logo\/image\/","url":"https:\/\/www.efi-service.com\/wp-content\/uploads\/2022\/04\/logo-efi-service.png","contentUrl":"https:\/\/www.efi-service.com\/wp-content\/uploads\/2022\/04\/logo-efi-service.png","width":165,"height":158,"caption":"EFI AUTOMOTIVE SERVICE"},"image":{"@id":"https:\/\/www.efi-service.com\/#\/schema\/logo\/image\/"}}]}},"_links":{"self":[{"href":"https:\/\/www.efi-service.com\/es\/wp-json\/wp\/v2\/pages\/11591","targetHints":{"allow":["GET"]}}],"collection":[{"href":"https:\/\/www.efi-service.com\/es\/wp-json\/wp\/v2\/pages"}],"about":[{"href":"https:\/\/www.efi-service.com\/es\/wp-json\/wp\/v2\/types\/page"}],"author":[{"embeddable":true,"href":"https:\/\/www.efi-service.com\/es\/wp-json\/wp\/v2\/users\/1"}],"replies":[{"embeddable":true,"href":"https:\/\/www.efi-service.com\/es\/wp-json\/wp\/v2\/comments?post=11591"}],"version-history":[{"count":5,"href":"https:\/\/www.efi-service.com\/es\/wp-json\/wp\/v2\/pages\/11591\/revisions"}],"predecessor-version":[{"id":12617,"href":"https:\/\/www.efi-service.com\/es\/wp-json\/wp\/v2\/pages\/11591\/revisions\/12617"}],"up":[{"embeddable":true,"href":"https:\/\/www.efi-service.com\/es\/wp-json\/wp\/v2\/pages\/11360"}],"wp:attachment":[{"href":"https:\/\/www.efi-service.com\/es\/wp-json\/wp\/v2\/media?parent=11591"}],"curies":[{"name":"wp","href":"https:\/\/api.w.org\/{rel}","templated":true}]}}