{"id":11550,"date":"2022-03-28T12:50:12","date_gmt":"2022-03-28T10:50:12","guid":{"rendered":"https:\/\/www.efi-service.com\/pre-home\/"},"modified":"2023-10-17T08:28:50","modified_gmt":"2023-10-17T06:28:50","slug":"pre-home","status":"publish","type":"page","link":"https:\/\/www.efi-service.com\/es\/","title":{"rendered":"Accueil"},"content":{"rendered":"\n\t<section id=\"pre-home\">\n\n\t\t\t\t\t<a href=\"https:\/\/www.efi-service.com\">\n\t\t\t\t<img decoding=\"async\" class=\"logo\" src=\"https:\/\/www.efi-service.com\/wp-content\/uploads\/2022\/04\/logo-efi-service.png\" alt=\"\" srcset=\"\">\n\t\t\t<\/a>\n\t\t\n\t\t\t\t\t<h1 class=\"baseline\">\u00a1Bienvenido a nuestro nuevo sitio web! <br \/>\r\nPara construir un futuro m\u00e1s responsable, EFI Automotive Service se compromete tanto con las piezas de repuesto de autom\u00f3viles como con la industrializaci\u00f3n de proyectos innovadores. <br \/>\r\nHaga clic en uno de los universos siguientes para obtener m\u00e1s informaci\u00f3n:<\/h1>\n\t\t\n\t\t\t\t\t<div class=\"image-wrapper\">\n\t\t\t\t\t\t\t\t\t<div class=\"image left\">\n\t\t\t\t\t\t<img decoding=\"async\" class=\"placeholder\" src=\"https:\/\/www.efi-service.com\/wp-content\/themes\/efi\/assets\/img\/forme-left.png\" alt=\"\" srcset=\"\">\n\t\t\t\t\t\t<img decoding=\"async\" src=\"https:\/\/www.efi-service.com\/wp-content\/uploads\/2022\/05\/shutterstock_581941585-scaled.jpg\" alt=\"\" srcset=\"\">\n\t\t\t\t\t\t\t\t\t\t\t\t\t<h2>\n\t\t\t\t\t\t\t\t<span class=\"title\">Actividad<\/span>\n\t\t\t\t\t\t\t\t<span class=\"subtitle\">de recambio<\/span>\n\t\t\t\t\t\t\t<\/h2>\n\t\t\t\t\t\t\n\t\t\t\t\t\t\t\t\t\t\t\t\t<a class=\"the-button red\" href=\"https:\/\/www.efi-service.com\/es\/actividad-de-recambio\/\" target=\"\">Ir a la p\u00e1gina web<\/a>\n\t\t\t\t\t\t\t\t\t\t\t<\/div>\n\t\t\t\t\t\t\t\t\t\t\t\t\t<div class=\"image right\">\n\t\t\t\t\t\t<img decoding=\"async\" class=\"placeholder\" src=\"https:\/\/www.efi-service.com\/wp-content\/themes\/efi\/assets\/img\/forme-right.png\" alt=\"\" srcset=\"\">\n\t\t\t\t\t\t<img decoding=\"async\" src=\"https:\/\/www.efi-service.com\/wp-content\/uploads\/2022\/05\/shutterstock_1673615035-scaled-e1653481359119.jpg\" alt=\"\" srcset=\"\">\n\t\t\t\t\t\t\t\t\t\t\t\t\t<h2>\n\t\t\t\t\t\t\t\t<span class=\"title\">Industrialisation <\/span>\n\t\t\t\t\t\t\t\t<span class=\"subtitle\">de projets innovants<\/span>\n\t\t\t\t\t\t\t<\/h2>\n\t\t\t\t\t\t\n\t\t\t\t\t\t\t\t\t\t\t\t\t<a class=\"the-button grey\" href=\"https:\/\/www.efi-service.com\/es\/industrializacion-de-proyectos-innovadores\/\" target=\"\">Ir a la p\u00e1gina web<\/a>\n\t\t\t\t\t\t\t\t\t\t\t<\/div>\n\t\t\t\t\t\t\t<\/div>\n\t\t\t\t<div class=\"background left\"><\/div>\n\t\t<div class=\"background right\"><\/div>\n\n\t<\/section>\n\n\n\n\n<p><\/p>\n","protected":false},"excerpt":{"rendered":"","protected":false},"author":1,"featured_media":0,"parent":0,"menu_order":0,"comment_status":"closed","ping_status":"closed","template":"","meta":{"_acf_changed":false,"footnotes":""},"class_list":["post-11550","page","type-page","status-publish","hentry"],"acf":[],"yoast_head":"<!-- This site is optimized with the Yoast SEO plugin v27.4 - https:\/\/yoast.com\/product\/yoast-seo-wordpress\/ -->\n<title>Accueil - EFI AUTOMOTIVE SERVICE<\/title>\n<meta name=\"robots\" content=\"index, follow, max-snippet:-1, max-image-preview:large, max-video-preview:-1\" \/>\n<link rel=\"canonical\" href=\"https:\/\/www.efi-service.com\/es\/\" \/>\n<meta property=\"og:locale\" content=\"es_ES\" \/>\n<meta property=\"og:type\" content=\"article\" \/>\n<meta property=\"og:title\" content=\"Accueil - EFI AUTOMOTIVE SERVICE\" \/>\n<meta property=\"og:url\" content=\"https:\/\/www.efi-service.com\/es\/\" \/>\n<meta property=\"og:site_name\" content=\"EFI AUTOMOTIVE SERVICE\" \/>\n<meta property=\"article:modified_time\" content=\"2023-10-17T06:28:50+00:00\" \/>\n<meta name=\"twitter:card\" content=\"summary_large_image\" \/>\n<script type=\"application\/ld+json\" class=\"yoast-schema-graph\">{\"@context\":\"https:\\\/\\\/schema.org\",\"@graph\":[{\"@type\":\"WebPage\",\"@id\":\"https:\\\/\\\/www.efi-service.com\\\/es\\\/\",\"url\":\"https:\\\/\\\/www.efi-service.com\\\/es\\\/\",\"name\":\"Accueil - EFI AUTOMOTIVE SERVICE\",\"isPartOf\":{\"@id\":\"https:\\\/\\\/www.efi-service.com\\\/#website\"},\"datePublished\":\"2022-03-28T10:50:12+00:00\",\"dateModified\":\"2023-10-17T06:28:50+00:00\",\"breadcrumb\":{\"@id\":\"https:\\\/\\\/www.efi-service.com\\\/es\\\/#breadcrumb\"},\"inLanguage\":\"es\",\"potentialAction\":[{\"@type\":\"ReadAction\",\"target\":[\"https:\\\/\\\/www.efi-service.com\\\/es\\\/\"]}]},{\"@type\":\"BreadcrumbList\",\"@id\":\"https:\\\/\\\/www.efi-service.com\\\/es\\\/#breadcrumb\",\"itemListElement\":[{\"@type\":\"ListItem\",\"position\":1,\"name\":\"Home\",\"item\":\"https:\\\/\\\/www.efi-service.com\\\/es\\\/\"},{\"@type\":\"ListItem\",\"position\":2,\"name\":\"Accueil\"}]},{\"@type\":\"WebSite\",\"@id\":\"https:\\\/\\\/www.efi-service.com\\\/#website\",\"url\":\"https:\\\/\\\/www.efi-service.com\\\/\",\"name\":\"EFI AUTOMOTIVE SERVICE\",\"description\":\"SENSE. BUILD. DRIVE.\",\"publisher\":{\"@id\":\"https:\\\/\\\/www.efi-service.com\\\/#organization\"},\"potentialAction\":[{\"@type\":\"SearchAction\",\"target\":{\"@type\":\"EntryPoint\",\"urlTemplate\":\"https:\\\/\\\/www.efi-service.com\\\/?s={search_term_string}\"},\"query-input\":{\"@type\":\"PropertyValueSpecification\",\"valueRequired\":true,\"valueName\":\"search_term_string\"}}],\"inLanguage\":\"es\"},{\"@type\":\"Organization\",\"@id\":\"https:\\\/\\\/www.efi-service.com\\\/#organization\",\"name\":\"EFI AUTOMOTIVE SERVICE\",\"url\":\"https:\\\/\\\/www.efi-service.com\\\/\",\"logo\":{\"@type\":\"ImageObject\",\"inLanguage\":\"es\",\"@id\":\"https:\\\/\\\/www.efi-service.com\\\/#\\\/schema\\\/logo\\\/image\\\/\",\"url\":\"https:\\\/\\\/www.efi-service.com\\\/wp-content\\\/uploads\\\/2022\\\/04\\\/logo-efi-service.png\",\"contentUrl\":\"https:\\\/\\\/www.efi-service.com\\\/wp-content\\\/uploads\\\/2022\\\/04\\\/logo-efi-service.png\",\"width\":165,\"height\":158,\"caption\":\"EFI AUTOMOTIVE SERVICE\"},\"image\":{\"@id\":\"https:\\\/\\\/www.efi-service.com\\\/#\\\/schema\\\/logo\\\/image\\\/\"}}]}<\/script>\n<!-- \/ Yoast SEO plugin. -->","yoast_head_json":{"title":"Accueil - EFI AUTOMOTIVE SERVICE","robots":{"index":"index","follow":"follow","max-snippet":"max-snippet:-1","max-image-preview":"max-image-preview:large","max-video-preview":"max-video-preview:-1"},"canonical":"https:\/\/www.efi-service.com\/es\/","og_locale":"es_ES","og_type":"article","og_title":"Accueil - EFI AUTOMOTIVE SERVICE","og_url":"https:\/\/www.efi-service.com\/es\/","og_site_name":"EFI AUTOMOTIVE SERVICE","article_modified_time":"2023-10-17T06:28:50+00:00","twitter_card":"summary_large_image","schema":{"@context":"https:\/\/schema.org","@graph":[{"@type":"WebPage","@id":"https:\/\/www.efi-service.com\/es\/","url":"https:\/\/www.efi-service.com\/es\/","name":"Accueil - EFI AUTOMOTIVE SERVICE","isPartOf":{"@id":"https:\/\/www.efi-service.com\/#website"},"datePublished":"2022-03-28T10:50:12+00:00","dateModified":"2023-10-17T06:28:50+00:00","breadcrumb":{"@id":"https:\/\/www.efi-service.com\/es\/#breadcrumb"},"inLanguage":"es","potentialAction":[{"@type":"ReadAction","target":["https:\/\/www.efi-service.com\/es\/"]}]},{"@type":"BreadcrumbList","@id":"https:\/\/www.efi-service.com\/es\/#breadcrumb","itemListElement":[{"@type":"ListItem","position":1,"name":"Home","item":"https:\/\/www.efi-service.com\/es\/"},{"@type":"ListItem","position":2,"name":"Accueil"}]},{"@type":"WebSite","@id":"https:\/\/www.efi-service.com\/#website","url":"https:\/\/www.efi-service.com\/","name":"EFI AUTOMOTIVE SERVICE","description":"SENSE. BUILD. DRIVE.","publisher":{"@id":"https:\/\/www.efi-service.com\/#organization"},"potentialAction":[{"@type":"SearchAction","target":{"@type":"EntryPoint","urlTemplate":"https:\/\/www.efi-service.com\/?s={search_term_string}"},"query-input":{"@type":"PropertyValueSpecification","valueRequired":true,"valueName":"search_term_string"}}],"inLanguage":"es"},{"@type":"Organization","@id":"https:\/\/www.efi-service.com\/#organization","name":"EFI AUTOMOTIVE SERVICE","url":"https:\/\/www.efi-service.com\/","logo":{"@type":"ImageObject","inLanguage":"es","@id":"https:\/\/www.efi-service.com\/#\/schema\/logo\/image\/","url":"https:\/\/www.efi-service.com\/wp-content\/uploads\/2022\/04\/logo-efi-service.png","contentUrl":"https:\/\/www.efi-service.com\/wp-content\/uploads\/2022\/04\/logo-efi-service.png","width":165,"height":158,"caption":"EFI AUTOMOTIVE SERVICE"},"image":{"@id":"https:\/\/www.efi-service.com\/#\/schema\/logo\/image\/"}}]}},"_links":{"self":[{"href":"https:\/\/www.efi-service.com\/es\/wp-json\/wp\/v2\/pages\/11550","targetHints":{"allow":["GET"]}}],"collection":[{"href":"https:\/\/www.efi-service.com\/es\/wp-json\/wp\/v2\/pages"}],"about":[{"href":"https:\/\/www.efi-service.com\/es\/wp-json\/wp\/v2\/types\/page"}],"author":[{"embeddable":true,"href":"https:\/\/www.efi-service.com\/es\/wp-json\/wp\/v2\/users\/1"}],"replies":[{"embeddable":true,"href":"https:\/\/www.efi-service.com\/es\/wp-json\/wp\/v2\/comments?post=11550"}],"version-history":[{"count":16,"href":"https:\/\/www.efi-service.com\/es\/wp-json\/wp\/v2\/pages\/11550\/revisions"}],"predecessor-version":[{"id":12591,"href":"https:\/\/www.efi-service.com\/es\/wp-json\/wp\/v2\/pages\/11550\/revisions\/12591"}],"wp:attachment":[{"href":"https:\/\/www.efi-service.com\/es\/wp-json\/wp\/v2\/media?parent=11550"}],"curies":[{"name":"wp","href":"https:\/\/api.w.org\/{rel}","templated":true}]}}