{"id":11967,"date":"2022-04-27T10:45:32","date_gmt":"2022-04-27T08:45:32","guid":{"rendered":"https:\/\/www.efi-service.com\/aftermarket\/decouvrir-notre-entreprise\/notre-adn\/"},"modified":"2023-10-03T14:23:05","modified_gmt":"2023-10-03T12:23:05","slug":"our-dna","status":"publish","type":"page","link":"https:\/\/www.efi-service.com\/en\/aftermarket\/about-us\/our-dna\/","title":{"rendered":"Our DNA"},"content":{"rendered":"\n<div class=\"gabarit-global-intro\" id=\"introduction-block_0929f54d23e7334eb863f1aea26fe8f4\">\n\t<h1 class=\"title\">Our DNA<\/h1>\n\t<p class=\"accroche\"><\/p>\n<\/div>\n\n\n\n\t<div class=\"container wysiwyg gabarit-text-riche animBottomToTop\" id=\"texte-riche-block_40c884633ea2960a597f0a7226141581\">\n\t\t<div class=\"wrapper-txt-riche\">\n\t\t\t<p>Long before it became a legal obligation, corporate social responsibility \u2013 the acronym for CSR \u2013 was at the heart of our concerns. As a matter of fact, it takes into account both the employees\u2019 working conditions and making strides sustainable development.<\/p>\n<h3><strong>Our vision<\/strong><\/h3>\n<p>As a subsidiary of the EFI Automotive Group, we are part of a responsible, family-run business, positioned on a global market. We represent a complementary activity to that of the Group, sharing a common vision: to pursue an industrial project associated with a strong service culture, for the benefit of a community that is developing both humanly and economically.<\/p>\n<p>Thanks to our products dedicated to the aftermarket, we contribute to improving vehicle durability on the roads around the world. We are also committed to helping innovative companies develop projects that improve the daily lives of thousands of people.<\/p>\n<p>&nbsp;<\/p>\n<h3><strong>Our values<\/strong><\/h3>\n<p>The EFI Group\u2019s values are part of our DNA, they are part of our culture and heritage. They are therefore a guide to all our actions and important decisions. They are the following:<\/p>\n<p><img decoding=\"async\" class=\"aligncenter wp-image-8089\" src=\"https:\/\/www.efi-service.com\/wp-content\/uploads\/2022\/07\/esprit_equipe-300x142.png\" alt=\"\" width=\"220\" height=\"104\" srcset=\"https:\/\/www.efi-service.com\/wp-content\/uploads\/2022\/07\/esprit_equipe-300x142.png 300w, https:\/\/www.efi-service.com\/wp-content\/uploads\/2022\/07\/esprit_equipe-768x365.png 768w, https:\/\/www.efi-service.com\/wp-content\/uploads\/2022\/07\/esprit_equipe.png 912w\" sizes=\"(max-width: 220px) 100vw, 220px\" \/><\/p>\n<h4><strong>ENTREPRENEURIAL SPIRIT<\/strong><\/h4>\n<p>We are proud to be part of the EFI Automotive Group. We work together to serve our customers and to ensure the group\u2019s sustainability. Passionate about entrepreneurship, we are proud to work together to build the future. Above all, we promote the general interest in the service of our community. In this way, everyone contributes their skills and experience to the group\u2019s development.<\/p>\n<p><img decoding=\"async\" class=\"aligncenter wp-image-8101\" src=\"https:\/\/www.efi-service.com\/wp-content\/uploads\/2022\/07\/sincerite-227x300.png\" alt=\"\" width=\"110\" height=\"146\" srcset=\"https:\/\/www.efi-service.com\/wp-content\/uploads\/2022\/07\/sincerite-227x300.png 227w, https:\/\/www.efi-service.com\/wp-content\/uploads\/2022\/07\/sincerite.png 432w\" sizes=\"(max-width: 110px) 100vw, 110px\" \/><\/p>\n<h4><strong>SINCERITY<\/strong><\/h4>\n<p>Internally, as well as with our suppliers and customers, we work in a spirit of listening, trust and sincerity to find the most appropriate solutions together and as quickly as possible. This is how we can build strong and lasting partnerships. We systematically seek to analyse situations as objectively as possible. We work together in a spirit of mutual trust and openness.<\/p>\n<p><img decoding=\"async\" class=\"aligncenter wp-image-8098\" src=\"https:\/\/www.efi-service.com\/wp-content\/uploads\/2022\/07\/responsabilite-300x239.png\" alt=\"\" width=\"157\" height=\"125\" srcset=\"https:\/\/www.efi-service.com\/wp-content\/uploads\/2022\/07\/responsabilite-300x239.png 300w, https:\/\/www.efi-service.com\/wp-content\/uploads\/2022\/07\/responsabilite.png 625w\" sizes=\"(max-width: 157px) 100vw, 157px\" \/><\/p>\n<h4><strong>RESPONSIBILITY<\/strong><\/h4>\n<p>At every level of the organisation, each employee acts responsibly in the context of their mission and contributes to the Group\u2019s sustainable development. In this way, we favour accountability and act according to the principle of subsidiarity (autonomy, duty to help and deputise). EFI Automotive is a responsible company: wherever we operate, we respect the standards in force, human rights and local legislation. We act with ethics and integrity, respecting the environment.<\/p>\n<p><img decoding=\"async\" class=\"aligncenter wp-image-8095\" src=\"https:\/\/www.efi-service.com\/wp-content\/uploads\/2022\/07\/respect-279x300.png\" alt=\"\" width=\"120\" height=\"129\" srcset=\"https:\/\/www.efi-service.com\/wp-content\/uploads\/2022\/07\/respect-279x300.png 279w, https:\/\/www.efi-service.com\/wp-content\/uploads\/2022\/07\/respect-515x558.png 515w, https:\/\/www.efi-service.com\/wp-content\/uploads\/2022\/07\/respect.png 519w\" sizes=\"(max-width: 120px) 100vw, 120px\" \/><\/p>\n<h4>RESPECT<\/h4>\n<p>EFI Automotive employees one of the company\u2019s main assets. Together, with our diversity of languages and cultures, we form a rich and varied community and pursue a common goal while respecting our differences. We want to grow our community by supporting each employee through training and skills development. We respect the work of our employees at every level of the hierarchy. We listen to their ideas and proposals.<\/p>\n<p>We are supportive and help each other with positive feedback or constructive criticism, so that together we can progress towards excellence. We allow ourselves the right to make mistakes. At the same time, we expect everyone to recognise their mistakes, to correct them responsibly and to accept to progress, to surpass themselves and thus to help the whole organisation progress.<\/p>\n<p><img decoding=\"async\" class=\"aligncenter wp-image-8086\" src=\"https:\/\/www.efi-service.com\/wp-content\/uploads\/2022\/07\/esprit_entp-300x300.png\" alt=\"\" width=\"120\" height=\"120\" srcset=\"https:\/\/www.efi-service.com\/wp-content\/uploads\/2022\/07\/esprit_entp-300x300.png 300w, https:\/\/www.efi-service.com\/wp-content\/uploads\/2022\/07\/esprit_entp-150x150.png 150w, https:\/\/www.efi-service.com\/wp-content\/uploads\/2022\/07\/esprit_entp.png 532w\" sizes=\"(max-width: 120px) 100vw, 120px\" \/><\/p>\n<h4><strong>AGILITY \/ FLEXIBILITY<\/strong><\/h4>\n<p>We work closely with our clients. We listen to their specific needs in order to provide them with reliable and innovative solutions as quickly as possible at the best possible cost. We tend towards a decompartmentalised and fluid organisational mode that simplifies processes and accelerates decision-making. This gives us the flexibility to adapt to a rapidly changing market.<\/p>\n<p><img decoding=\"async\" class=\"aligncenter wp-image-8092\" src=\"https:\/\/www.efi-service.com\/wp-content\/uploads\/2022\/07\/focus-300x300.png\" alt=\"\" width=\"120\" height=\"120\" srcset=\"https:\/\/www.efi-service.com\/wp-content\/uploads\/2022\/07\/focus-300x300.png 300w, https:\/\/www.efi-service.com\/wp-content\/uploads\/2022\/07\/focus-150x150.png 150w, https:\/\/www.efi-service.com\/wp-content\/uploads\/2022\/07\/focus.png 456w\" sizes=\"(max-width: 120px) 100vw, 120px\" \/><\/p>\n<h4><strong>FOCUS<\/strong><\/h4>\n<p>We work together to define the Group\u2019s key objectives and remain committed to their effective implementation. We focus our efforts on creating value for the customer and our community.<\/p>\n<h3><strong>Our commitment to the environment<\/strong><\/h3>\n<p>Through our activities, products and services, we are committed to a responsible and environmentally friendly approach. This commitment is reflected in our ISO 14001-certified site, as follows:<\/p>\n<h4><strong>PREVENTION AND REDUCTION OF POLLUTION<\/strong><\/h4>\n<ul>\n<li>Carrying out a carbon assessment on our site;<\/li>\n<li>Optimising the filling of trucks to limit transport.<\/li>\n<\/ul>\n<h4><strong>WASTE REDUCTION<\/strong><\/h4>\n<ul>\n<li>Selective sorting of waste;<\/li>\n<li>Reduction of packaging and use of recyclable packaging.<\/li>\n<\/ul>\n<h4><strong>WATER MANAGEMENT<\/strong><\/h4>\n<ul>\n<li>Operation of all our machines in closed or semi-closed circuits.<\/li>\n<\/ul>\n<h4><strong>RISK PREVENTION<\/strong><\/h4>\n<ul>\n<li>Restricted use of chemicals on our site;<\/li>\n<li>Environmental requirements are taken into account from the design phase of our products in order to avoid the use of polluting or dangerous materials;<\/li>\n<li>Management of chemicals through a specific procedure (introduction &amp; use) and an accidental spill test on 100% of our sites;<\/li>\n<li>Compliance with reach regulations.<\/li>\n<\/ul>\n<h4><strong>ENERGY MANAGEMENT<\/strong><\/h4>\n<ul>\n<li>Our products help to improve vehicle efficiency and thus reduce co2 emissions;<\/li>\n<li>Awareness of energy consumption among all staff;<\/li>\n<li>Use of low energy consumption systems (led).<\/li>\n<\/ul>\n<p>&nbsp;<\/p>\n\t\t<\/div>\n\t<\/div>\n\n","protected":false},"excerpt":{"rendered":"","protected":false},"author":1,"featured_media":0,"parent":11948,"menu_order":0,"comment_status":"closed","ping_status":"closed","template":"","meta":{"_acf_changed":false,"footnotes":""},"class_list":["post-11967","page","type-page","status-publish","hentry"],"acf":[],"yoast_head":"<!-- This site is optimized with the Yoast SEO plugin v27.4 - https:\/\/yoast.com\/product\/yoast-seo-wordpress\/ -->\n<title>Our DNA - EFI AUTOMOTIVE SERVICE<\/title>\n<meta name=\"description\" content=\"Filiale du Groupe EFI Automotive, nous sommes rattach\u00e9s \u00e0 une entreprise familiale et responsable, positionn\u00e9e sur un march\u00e9 mondial.\" \/>\n<meta name=\"robots\" content=\"index, follow, max-snippet:-1, max-image-preview:large, max-video-preview:-1\" \/>\n<link rel=\"canonical\" href=\"https:\/\/www.efi-service.com\/en\/aftermarket\/about-us\/our-dna\/\" \/>\n<meta property=\"og:locale\" content=\"en_US\" \/>\n<meta property=\"og:type\" content=\"article\" \/>\n<meta property=\"og:title\" content=\"Our DNA - EFI AUTOMOTIVE SERVICE\" \/>\n<meta property=\"og:description\" content=\"Filiale du Groupe EFI Automotive, nous sommes rattach\u00e9s \u00e0 une entreprise familiale et responsable, positionn\u00e9e sur un march\u00e9 mondial.\" \/>\n<meta property=\"og:url\" content=\"https:\/\/www.efi-service.com\/en\/aftermarket\/about-us\/our-dna\/\" \/>\n<meta property=\"og:site_name\" content=\"EFI AUTOMOTIVE SERVICE\" \/>\n<meta property=\"article:modified_time\" content=\"2023-10-03T12:23:05+00:00\" \/>\n<meta name=\"twitter:card\" content=\"summary_large_image\" \/>\n<script type=\"application\/ld+json\" class=\"yoast-schema-graph\">{\"@context\":\"https:\\\/\\\/schema.org\",\"@graph\":[{\"@type\":\"WebPage\",\"@id\":\"https:\\\/\\\/www.efi-service.com\\\/en\\\/aftermarket\\\/about-us\\\/our-dna\\\/\",\"url\":\"https:\\\/\\\/www.efi-service.com\\\/en\\\/aftermarket\\\/about-us\\\/our-dna\\\/\",\"name\":\"Our DNA - EFI AUTOMOTIVE SERVICE\",\"isPartOf\":{\"@id\":\"https:\\\/\\\/www.efi-service.com\\\/#website\"},\"datePublished\":\"2022-04-27T08:45:32+00:00\",\"dateModified\":\"2023-10-03T12:23:05+00:00\",\"description\":\"Filiale du Groupe EFI Automotive, nous sommes rattach\u00e9s \u00e0 une entreprise familiale et responsable, positionn\u00e9e sur un march\u00e9 mondial.\",\"breadcrumb\":{\"@id\":\"https:\\\/\\\/www.efi-service.com\\\/en\\\/aftermarket\\\/about-us\\\/our-dna\\\/#breadcrumb\"},\"inLanguage\":\"en-US\",\"potentialAction\":[{\"@type\":\"ReadAction\",\"target\":[\"https:\\\/\\\/www.efi-service.com\\\/en\\\/aftermarket\\\/about-us\\\/our-dna\\\/\"]}]},{\"@type\":\"BreadcrumbList\",\"@id\":\"https:\\\/\\\/www.efi-service.com\\\/en\\\/aftermarket\\\/about-us\\\/our-dna\\\/#breadcrumb\",\"itemListElement\":[{\"@type\":\"ListItem\",\"position\":1,\"name\":\"Home\",\"item\":\"https:\\\/\\\/www.efi-service.com\\\/en\\\/\"},{\"@type\":\"ListItem\",\"position\":2,\"name\":\"Aftermarket Activity\",\"item\":\"https:\\\/\\\/www.efi-service.com\\\/en\\\/aftermarket\\\/\"},{\"@type\":\"ListItem\",\"position\":3,\"name\":\"About us\",\"item\":\"https:\\\/\\\/www.efi-service.com\\\/en\\\/aftermarket\\\/about-us\\\/\"},{\"@type\":\"ListItem\",\"position\":4,\"name\":\"Our DNA\"}]},{\"@type\":\"WebSite\",\"@id\":\"https:\\\/\\\/www.efi-service.com\\\/#website\",\"url\":\"https:\\\/\\\/www.efi-service.com\\\/\",\"name\":\"EFI AUTOMOTIVE SERVICE\",\"description\":\"SENSE. BUILD. DRIVE.\",\"publisher\":{\"@id\":\"https:\\\/\\\/www.efi-service.com\\\/#organization\"},\"potentialAction\":[{\"@type\":\"SearchAction\",\"target\":{\"@type\":\"EntryPoint\",\"urlTemplate\":\"https:\\\/\\\/www.efi-service.com\\\/?s={search_term_string}\"},\"query-input\":{\"@type\":\"PropertyValueSpecification\",\"valueRequired\":true,\"valueName\":\"search_term_string\"}}],\"inLanguage\":\"en-US\"},{\"@type\":\"Organization\",\"@id\":\"https:\\\/\\\/www.efi-service.com\\\/#organization\",\"name\":\"EFI AUTOMOTIVE SERVICE\",\"url\":\"https:\\\/\\\/www.efi-service.com\\\/\",\"logo\":{\"@type\":\"ImageObject\",\"inLanguage\":\"en-US\",\"@id\":\"https:\\\/\\\/www.efi-service.com\\\/#\\\/schema\\\/logo\\\/image\\\/\",\"url\":\"https:\\\/\\\/www.efi-service.com\\\/wp-content\\\/uploads\\\/2022\\\/04\\\/logo-efi-service.png\",\"contentUrl\":\"https:\\\/\\\/www.efi-service.com\\\/wp-content\\\/uploads\\\/2022\\\/04\\\/logo-efi-service.png\",\"width\":100,\"height\":96,\"caption\":\"EFI AUTOMOTIVE SERVICE\"},\"image\":{\"@id\":\"https:\\\/\\\/www.efi-service.com\\\/#\\\/schema\\\/logo\\\/image\\\/\"}}]}<\/script>\n<!-- \/ Yoast SEO plugin. -->","yoast_head_json":{"title":"Our DNA - EFI AUTOMOTIVE SERVICE","description":"Filiale du Groupe EFI Automotive, nous sommes rattach\u00e9s \u00e0 une entreprise familiale et responsable, positionn\u00e9e sur un march\u00e9 mondial.","robots":{"index":"index","follow":"follow","max-snippet":"max-snippet:-1","max-image-preview":"max-image-preview:large","max-video-preview":"max-video-preview:-1"},"canonical":"https:\/\/www.efi-service.com\/en\/aftermarket\/about-us\/our-dna\/","og_locale":"en_US","og_type":"article","og_title":"Our DNA - EFI AUTOMOTIVE SERVICE","og_description":"Filiale du Groupe EFI Automotive, nous sommes rattach\u00e9s \u00e0 une entreprise familiale et responsable, positionn\u00e9e sur un march\u00e9 mondial.","og_url":"https:\/\/www.efi-service.com\/en\/aftermarket\/about-us\/our-dna\/","og_site_name":"EFI AUTOMOTIVE SERVICE","article_modified_time":"2023-10-03T12:23:05+00:00","twitter_card":"summary_large_image","schema":{"@context":"https:\/\/schema.org","@graph":[{"@type":"WebPage","@id":"https:\/\/www.efi-service.com\/en\/aftermarket\/about-us\/our-dna\/","url":"https:\/\/www.efi-service.com\/en\/aftermarket\/about-us\/our-dna\/","name":"Our DNA - EFI AUTOMOTIVE SERVICE","isPartOf":{"@id":"https:\/\/www.efi-service.com\/#website"},"datePublished":"2022-04-27T08:45:32+00:00","dateModified":"2023-10-03T12:23:05+00:00","description":"Filiale du Groupe EFI Automotive, nous sommes rattach\u00e9s \u00e0 une entreprise familiale et responsable, positionn\u00e9e sur un march\u00e9 mondial.","breadcrumb":{"@id":"https:\/\/www.efi-service.com\/en\/aftermarket\/about-us\/our-dna\/#breadcrumb"},"inLanguage":"en-US","potentialAction":[{"@type":"ReadAction","target":["https:\/\/www.efi-service.com\/en\/aftermarket\/about-us\/our-dna\/"]}]},{"@type":"BreadcrumbList","@id":"https:\/\/www.efi-service.com\/en\/aftermarket\/about-us\/our-dna\/#breadcrumb","itemListElement":[{"@type":"ListItem","position":1,"name":"Home","item":"https:\/\/www.efi-service.com\/en\/"},{"@type":"ListItem","position":2,"name":"Aftermarket Activity","item":"https:\/\/www.efi-service.com\/en\/aftermarket\/"},{"@type":"ListItem","position":3,"name":"About us","item":"https:\/\/www.efi-service.com\/en\/aftermarket\/about-us\/"},{"@type":"ListItem","position":4,"name":"Our DNA"}]},{"@type":"WebSite","@id":"https:\/\/www.efi-service.com\/#website","url":"https:\/\/www.efi-service.com\/","name":"EFI AUTOMOTIVE SERVICE","description":"SENSE. BUILD. DRIVE.","publisher":{"@id":"https:\/\/www.efi-service.com\/#organization"},"potentialAction":[{"@type":"SearchAction","target":{"@type":"EntryPoint","urlTemplate":"https:\/\/www.efi-service.com\/?s={search_term_string}"},"query-input":{"@type":"PropertyValueSpecification","valueRequired":true,"valueName":"search_term_string"}}],"inLanguage":"en-US"},{"@type":"Organization","@id":"https:\/\/www.efi-service.com\/#organization","name":"EFI AUTOMOTIVE SERVICE","url":"https:\/\/www.efi-service.com\/","logo":{"@type":"ImageObject","inLanguage":"en-US","@id":"https:\/\/www.efi-service.com\/#\/schema\/logo\/image\/","url":"https:\/\/www.efi-service.com\/wp-content\/uploads\/2022\/04\/logo-efi-service.png","contentUrl":"https:\/\/www.efi-service.com\/wp-content\/uploads\/2022\/04\/logo-efi-service.png","width":100,"height":96,"caption":"EFI AUTOMOTIVE SERVICE"},"image":{"@id":"https:\/\/www.efi-service.com\/#\/schema\/logo\/image\/"}}]}},"_links":{"self":[{"href":"https:\/\/www.efi-service.com\/en\/wp-json\/wp\/v2\/pages\/11967","targetHints":{"allow":["GET"]}}],"collection":[{"href":"https:\/\/www.efi-service.com\/en\/wp-json\/wp\/v2\/pages"}],"about":[{"href":"https:\/\/www.efi-service.com\/en\/wp-json\/wp\/v2\/types\/page"}],"author":[{"embeddable":true,"href":"https:\/\/www.efi-service.com\/en\/wp-json\/wp\/v2\/users\/1"}],"replies":[{"embeddable":true,"href":"https:\/\/www.efi-service.com\/en\/wp-json\/wp\/v2\/comments?post=11967"}],"version-history":[{"count":10,"href":"https:\/\/www.efi-service.com\/en\/wp-json\/wp\/v2\/pages\/11967\/revisions"}],"predecessor-version":[{"id":12065,"href":"https:\/\/www.efi-service.com\/en\/wp-json\/wp\/v2\/pages\/11967\/revisions\/12065"}],"up":[{"embeddable":true,"href":"https:\/\/www.efi-service.com\/en\/wp-json\/wp\/v2\/pages\/11948"}],"wp:attachment":[{"href":"https:\/\/www.efi-service.com\/en\/wp-json\/wp\/v2\/media?parent=11967"}],"curies":[{"name":"wp","href":"https:\/\/api.w.org\/{rel}","templated":true}]}}